{"id":648,"date":"2018-12-29T02:37:57","date_gmt":"2018-12-29T02:37:57","guid":{"rendered":"https:\/\/munndialarts.com\/francais\/?page_id=648"},"modified":"2022-09-11T15:39:34","modified_gmt":"2022-09-11T19:39:34","slug":"xingyiquan-%e5%bd%a2%e6%84%8f%e6%8b%b3","status":"publish","type":"page","link":"https:\/\/munndialarts.com\/francais\/xingyiquan-%e5%bd%a2%e6%84%8f%e6%8b%b3\/","title":{"rendered":"xingyiquan &#8211; \u5f62\u610f\u62f3"},"content":{"rendered":"\n<p class=\"wp-block-paragraph\">Le xingyiquan (\u5f62\u610f\u62f3) est un art de combat chinois aux racines tr\u00e8s profondes. Il existe aujourd&rsquo;hui diff\u00e9rentes branches de xingyiquan \u00e9manant toutes d&rsquo;un grand tronc commun.<\/p>\n\n\n<div class=\"wp-block-image\">\n<figure class=\"aligncenter is-resized\"><img loading=\"lazy\" decoding=\"async\" src=\"https:\/\/munndialarts.com\/francais\/files\/2018\/12\/guo-yunshen.jpg\" alt=\"Ma\u00eetre Guo Yunshen\" width=\"549\" height=\"460\" title=\"Ma\u00eetre Guo Yunshen\"\/><figcaption class=\"wp-element-caption\">Les Ma\u00eetres Che Yizhai et Guo Yunshen assis au centre<\/figcaption><\/figure>\n<\/div>\n\n\n<p class=\"wp-block-paragraph\">La recherche et la r\u00e9alisation d&rsquo;une force explosive, profonde et durable est un des th\u00e8mes essentiel du travail de cette m\u00e9thode. Le dachenqguan (yiquan), cr\u00e9\u00e9 par Ma\u00eetre Wang Xiangzhai, est consid\u00e9r\u00e9 comme une des branches \u00e9volutives de cet art.<\/p>\n\n\n<div class=\"wp-block-image\">\n<figure class=\"aligncenter is-resized\"><img loading=\"lazy\" decoding=\"async\" src=\"https:\/\/munndialarts.com\/francais\/files\/2018\/12\/serpent-2.jpg\" alt=\"serpent\" width=\"548\" height=\"364\" title=\"serpent\"\/><\/figure>\n<\/div>\n\n\n<p class=\"wp-block-paragraph\">Les techniques xingyiquan que nous pratiquons, et que nous avions initialement \u00e9tudi\u00e9 aupr\u00e8s de Ma\u00eetre Tokitsu Kenji, ont \u00e9t\u00e9 influenc\u00e9es par les enseignement provenant des courants des Ma\u00eetres Chen Panling et Wang Shujin. Le fondement de notre travail provient lui directement de la m\u00e9thodologie du dachengquan. Mais tout cela n&rsquo;est qu&rsquo;un cercle puisque l&rsquo;une provient de l&rsquo;autre.<\/p>\n\n\n<div class=\"wp-block-image\">\n<figure class=\"aligncenter is-resized\"><img loading=\"lazy\" decoding=\"async\" src=\"https:\/\/munndialarts.com\/francais\/files\/2020\/12\/xingyiquan_shanxi-3b.jpg\" alt=\"xingyiquan_shanxi-3b\" width=\"524\" height=\"524\" title=\"xingyiquan_shanxi-3b\"\/><figcaption class=\"wp-element-caption\">D\u00e9monstration de xingyiquan \u00e0 Datong, Chine<\/figcaption><\/figure>\n<\/div>","protected":false},"excerpt":{"rendered":"<p>Le xingyiquan (\u5f62\u610f\u62f3) est un art de combat chinois aux racines tr\u00e8s profondes. Il existe aujourd&rsquo;hui diff\u00e9rentes branches de xingyiquan \u00e9manant toutes d&rsquo;un grand tronc commun. La recherche et la r\u00e9alisation d&rsquo;une force explosive, profonde et durable est un des th\u00e8mes essentiel du travail de cette m\u00e9thode. Le dachenqguan (yiquan), cr\u00e9\u00e9 par Ma\u00eetre Wang Xiangzhai,&hellip;<\/p>\n<p class=\"more-link\"><a href=\"https:\/\/munndialarts.com\/francais\/xingyiquan-%e5%bd%a2%e6%84%8f%e6%8b%b3\/\" class=\"themebutton\">Read More<\/a><\/p>\n","protected":false},"author":1,"featured_media":0,"parent":0,"menu_order":0,"comment_status":"closed","ping_status":"closed","template":"","meta":{"_crdt_document":"","footnotes":""},"categories":[],"tags":[],"class_list":["post-648","page","type-page","status-publish","hentry"],"_links":{"self":[{"href":"https:\/\/munndialarts.com\/francais\/wp-json\/wp\/v2\/pages\/648","targetHints":{"allow":["GET"]}}],"collection":[{"href":"https:\/\/munndialarts.com\/francais\/wp-json\/wp\/v2\/pages"}],"about":[{"href":"https:\/\/munndialarts.com\/francais\/wp-json\/wp\/v2\/types\/page"}],"author":[{"embeddable":true,"href":"https:\/\/munndialarts.com\/francais\/wp-json\/wp\/v2\/users\/1"}],"replies":[{"embeddable":true,"href":"https:\/\/munndialarts.com\/francais\/wp-json\/wp\/v2\/comments?post=648"}],"version-history":[{"count":15,"href":"https:\/\/munndialarts.com\/francais\/wp-json\/wp\/v2\/pages\/648\/revisions"}],"predecessor-version":[{"id":1583,"href":"https:\/\/munndialarts.com\/francais\/wp-json\/wp\/v2\/pages\/648\/revisions\/1583"}],"wp:attachment":[{"href":"https:\/\/munndialarts.com\/francais\/wp-json\/wp\/v2\/media?parent=648"}],"wp:term":[{"taxonomy":"category","embeddable":true,"href":"https:\/\/munndialarts.com\/francais\/wp-json\/wp\/v2\/categories?post=648"},{"taxonomy":"post_tag","embeddable":true,"href":"https:\/\/munndialarts.com\/francais\/wp-json\/wp\/v2\/tags?post=648"}],"curies":[{"name":"wp","href":"https:\/\/api.w.org\/{rel}","templated":true}]}}