{"id":156,"date":"2018-10-05T15:48:55","date_gmt":"2018-10-05T15:48:55","guid":{"rendered":"https:\/\/munndialarts.com\/?page_id=156"},"modified":"2025-02-16T20:52:35","modified_gmt":"2025-02-17T01:52:35","slug":"bienvenue","status":"publish","type":"page","link":"https:\/\/munndialarts.com\/francais\/","title":{"rendered":"Accueil"},"content":{"rendered":"\n<h3 class=\"wp-block-heading\">L&rsquo;\u00e9cole Munndialarts<\/h3>\n\n\n\n<p class=\"wp-block-paragraph\">Nous pratiquons et enseignons diff\u00e9rents arts de combat de Chine se situant dans le courant des m\u00e9thodes classiques internes.  Ces diff\u00e9rentes m\u00e9thodes permettent de pratiquer tout au long de la vie, m\u00eame \u00e0 un \u00e2ge avanc\u00e9, comme moyen de d\u00e9fense, de d\u00e9veloppement personnel, d&rsquo;am\u00e9lioration de la sant\u00e9, ou tout simplement par pur plaisir.<\/p>\n\n\n<div class=\"wp-block-image\">\n<figure class=\"alignleft size-full is-resized\"><img loading=\"lazy\" decoding=\"async\" width=\"360\" height=\"360\" src=\"https:\/\/munndialarts.com\/francais\/files\/2022\/09\/PhilippeMunn.png\" alt=\"Philippe Munn\" class=\"wp-image-1539\" style=\"width:268px;height:268px\" title=\"Philippe Munn\" srcset=\"https:\/\/munndialarts.com\/francais\/files\/2022\/09\/PhilippeMunn.png 360w, https:\/\/munndialarts.com\/francais\/files\/2022\/09\/PhilippeMunn-150x150.png 150w, https:\/\/munndialarts.com\/francais\/files\/2022\/09\/PhilippeMunn-300x300.png 300w, https:\/\/munndialarts.com\/francais\/files\/2022\/09\/PhilippeMunn-80x80.png 80w, https:\/\/munndialarts.com\/francais\/files\/2022\/09\/PhilippeMunn-285x285.png 285w\" sizes=\"auto, (max-width: 360px) 100vw, 360px\" \/><\/figure>\n<\/div>\n\n\n<p class=\"wp-block-paragraph\"><\/p>\n\n\n\n<p class=\"wp-block-paragraph\">Philippe Munn pratique les arts de combats et les gymnastiques de sant\u00e9 de Chine et du japon depuis plus de 50 ans.<br>Adepte et enseignant passionn\u00e9 de dachengquan (yiquan), il est le disciple de Ma\u00eetre Guo Guizhi dans cette discipline qui est au coeur de sa pratique personnelle.<br>Il pratique et enseigne conjointement depuis plusieurs d\u00e9cennies le taijiquan, le xingyiquan, le baguazhang et le qigong disciplines qu&rsquo;il enseigne \u00e9galement dans son \u00e9cole Munndialarts situ\u00e9e au Qu\u00e9bec.<br><\/p>\n\n\n\n<h3 class=\"wp-block-heading has-text-align-center\">Vous d\u00e9sirez plus d&rsquo;information?<\/h3>\n\n\n\n<p class=\"has-text-align-center wp-block-paragraph\"><a href=\"https:\/\/munndialarts.com\/contact\/\" target=\"_self\" role=\"button\" rel=\"noopener\">\n\t\t\t\t\t\t\tContactez nous\n\t\t\t<\/a><\/p>\n","protected":false},"excerpt":{"rendered":"<p>L&rsquo;\u00e9cole Munndialarts Nous pratiquons et enseignons diff\u00e9rents arts de combat de Chine se situant dans le courant des m\u00e9thodes classiques internes. Ces diff\u00e9rentes m\u00e9thodes permettent de pratiquer tout au long de la vie, m\u00eame \u00e0 un \u00e2ge avanc\u00e9, comme moyen de d\u00e9fense, de d\u00e9veloppement personnel, d&rsquo;am\u00e9lioration de la sant\u00e9, ou tout simplement par pur plaisir.&hellip;<\/p>\n<p class=\"more-link\"><a href=\"https:\/\/munndialarts.com\/francais\/\" class=\"themebutton\">Read More<\/a><\/p>\n","protected":false},"author":1,"featured_media":0,"parent":0,"menu_order":0,"comment_status":"closed","ping_status":"closed","template":"","meta":{"_crdt_document":"","footnotes":""},"categories":[],"tags":[],"class_list":["post-156","page","type-page","status-publish","hentry"],"_links":{"self":[{"href":"https:\/\/munndialarts.com\/francais\/wp-json\/wp\/v2\/pages\/156","targetHints":{"allow":["GET"]}}],"collection":[{"href":"https:\/\/munndialarts.com\/francais\/wp-json\/wp\/v2\/pages"}],"about":[{"href":"https:\/\/munndialarts.com\/francais\/wp-json\/wp\/v2\/types\/page"}],"author":[{"embeddable":true,"href":"https:\/\/munndialarts.com\/francais\/wp-json\/wp\/v2\/users\/1"}],"replies":[{"embeddable":true,"href":"https:\/\/munndialarts.com\/francais\/wp-json\/wp\/v2\/comments?post=156"}],"version-history":[{"count":48,"href":"https:\/\/munndialarts.com\/francais\/wp-json\/wp\/v2\/pages\/156\/revisions"}],"predecessor-version":[{"id":1616,"href":"https:\/\/munndialarts.com\/francais\/wp-json\/wp\/v2\/pages\/156\/revisions\/1616"}],"wp:attachment":[{"href":"https:\/\/munndialarts.com\/francais\/wp-json\/wp\/v2\/media?parent=156"}],"wp:term":[{"taxonomy":"category","embeddable":true,"href":"https:\/\/munndialarts.com\/francais\/wp-json\/wp\/v2\/categories?post=156"},{"taxonomy":"post_tag","embeddable":true,"href":"https:\/\/munndialarts.com\/francais\/wp-json\/wp\/v2\/tags?post=156"}],"curies":[{"name":"wp","href":"https:\/\/api.w.org\/{rel}","templated":true}]}}